{"id":1035,"date":"2025-02-19T22:15:11","date_gmt":"2025-02-20T02:15:11","guid":{"rendered":"https:\/\/astergroup.ca\/accueil\/a-but-non-lucratif\/"},"modified":"2026-03-05T10:48:34","modified_gmt":"2026-03-05T14:48:34","slug":"a-but-non-lucratif","status":"publish","type":"page","link":"https:\/\/astergroup.ca\/fr\/a-but-non-lucratif\/","title":{"rendered":"Fondation Aster"},"content":{"rendered":"<p>[et_pb_section fb_built=\u00a0\u00bb1&Prime; _builder_version=\u00a0\u00bb4.27.4&Prime; _module_preset=\u00a0\u00bbdefault\u00a0\u00bb collapsed=\u00a0\u00bbon\u00a0\u00bb global_colors_info=\u00a0\u00bb{}\u00a0\u00bb][et_pb_row _builder_version=\u00a0\u00bb4.27.4&Prime; _module_preset=\u00a0\u00bbdefault\u00a0\u00bb global_colors_info=\u00a0\u00bb{}\u00a0\u00bb][et_pb_column type=\u00a0\u00bb4_4&Prime; _builder_version=\u00a0\u00bb4.27.4&Prime; _module_preset=\u00a0\u00bbdefault\u00a0\u00bb global_colors_info=\u00a0\u00bb{}\u00a0\u00bb][et_pb_text _builder_version=\u00a0\u00bb4.27.4&Prime; _module_preset=\u00a0\u00bbdefault\u00a0\u00bb global_colors_info=\u00a0\u00bb{}\u00a0\u00bb]<\/p>\n<h2>Services aux organismes \u00e0 but non lucratif<\/h2>\n<p>Nous soutenons les ONG par le biais de diverses initiatives. Bien qu\u2019il ne soit pas possible pour l\u2019instant d\u2019offrir des avantages aux membres des ONG, nous continuons \u00e0 surveiller les possibilit\u00e9s.<\/p>\n<p>Des services de traduction sont disponibles en ce moment (anglais-fran\u00e7ais, fran\u00e7ais-anglais).<\/p>\n<p>En 2019, nous avons achet\u00e9 un v\u00e9hicule \u00e9lectrique qui est offert \u00e0 nos membres sur une base de partage des co\u00fbts.<\/p>\n<p>Nous avons incorpor\u00e9 la <a href=\"https:\/\/fondationaster.ca\/\" target=\"_blank\" rel=\"noopener\">Fondation Aster<\/a> et nous travaillons \u00e0 la demande de statut d\u2019organisme de bienfaisance aupr\u00e8s de l\u2019ARC. Cette fondation pourra recevoir des dons et appuiera le travail environnemental des organismes sans but lucratif au Nouveau-Brunswick.<\/p>\n<p>[\/et_pb_text][et_pb_button button_url=\u00a0\u00bbhttps:\/\/astergroup.ca\/en\/sustainability-fund\/\u00a0\u00bb button_text=\u00a0\u00bbFONDS EN FIDUCIE POUR LA VIABILIT\u00c9\u00a0\u00bb _builder_version=\u00a0\u00bb4.27.4&Prime; _module_preset=\u00a0\u00bbdefault\u00a0\u00bb global_colors_info=\u00a0\u00bb{}\u00a0\u00bb][\/et_pb_button][\/et_pb_column][\/et_pb_row][\/et_pb_section]<\/p>\n","protected":false},"excerpt":{"rendered":"<p>Services aux organismes \u00e0 but non lucratif Nous soutenons les ONG par le biais de diverses initiatives. Bien qu\u2019il ne soit pas possible pour l\u2019instant d\u2019offrir des avantages aux membres des ONG, nous continuons \u00e0 surveiller les possibilit\u00e9s. Des services de traduction sont disponibles en ce moment (anglais-fran\u00e7ais, fran\u00e7ais-anglais). En 2019, nous avons achet\u00e9 un [&hellip;]<\/p>\n","protected":false},"author":1,"featured_media":0,"parent":0,"menu_order":0,"comment_status":"closed","ping_status":"closed","template":"","meta":{"_et_pb_use_builder":"on","_et_pb_old_content":"","_et_gb_content_width":"","footnotes":""},"class_list":["post-1035","page","type-page","status-publish","hentry"],"_links":{"self":[{"href":"https:\/\/astergroup.ca\/fr\/wp-json\/wp\/v2\/pages\/1035","targetHints":{"allow":["GET"]}}],"collection":[{"href":"https:\/\/astergroup.ca\/fr\/wp-json\/wp\/v2\/pages"}],"about":[{"href":"https:\/\/astergroup.ca\/fr\/wp-json\/wp\/v2\/types\/page"}],"author":[{"embeddable":true,"href":"https:\/\/astergroup.ca\/fr\/wp-json\/wp\/v2\/users\/1"}],"replies":[{"embeddable":true,"href":"https:\/\/astergroup.ca\/fr\/wp-json\/wp\/v2\/comments?post=1035"}],"version-history":[{"count":14,"href":"https:\/\/astergroup.ca\/fr\/wp-json\/wp\/v2\/pages\/1035\/revisions"}],"predecessor-version":[{"id":1453,"href":"https:\/\/astergroup.ca\/fr\/wp-json\/wp\/v2\/pages\/1035\/revisions\/1453"}],"wp:attachment":[{"href":"https:\/\/astergroup.ca\/fr\/wp-json\/wp\/v2\/media?parent=1035"}],"curies":[{"name":"wp","href":"https:\/\/api.w.org\/{rel}","templated":true}]}}