{"id":1038,"date":"2025-02-19T22:22:08","date_gmt":"2025-02-20T02:22:08","guid":{"rendered":"https:\/\/astergroup.ca\/accueil\/a-but-non-lucratif\/fonds-en-fiducie-pour-la-viabilite\/"},"modified":"2026-03-05T11:00:23","modified_gmt":"2026-03-05T15:00:23","slug":"fonds-en-fiducie-pour-la-viabilite","status":"publish","type":"page","link":"https:\/\/astergroup.ca\/fr\/a-but-non-lucratif\/fonds-en-fiducie-pour-la-viabilite\/","title":{"rendered":"Fonds en fiducie pour la viabilit\u00e9"},"content":{"rendered":"<p>[et_pb_section fb_built=\u00a0\u00bb1&Prime; _builder_version=\u00a0\u00bb4.27.4&Prime; _module_preset=\u00a0\u00bbdefault\u00a0\u00bb global_colors_info=\u00a0\u00bb{}\u00a0\u00bb][et_pb_row column_structure=\u00a0\u00bb1_3,2_3&Prime; _builder_version=\u00a0\u00bb4.27.4&Prime; _module_preset=\u00a0\u00bbdefault\u00a0\u00bb global_colors_info=\u00a0\u00bb{}\u00a0\u00bb][et_pb_column type=\u00a0\u00bb1_3&Prime; _builder_version=\u00a0\u00bb4.27.4&Prime; _module_preset=\u00a0\u00bbdefault\u00a0\u00bb global_colors_info=\u00a0\u00bb{}\u00a0\u00bb][et_pb_image src=\u00a0\u00bbhttps:\/\/astergroup.ca\/wp-content\/uploads\/2025\/02\/Aster_Foundation_Logo-1024&#215;346.png\u00a0\u00bb alt=\u00a0\u00bbFondation Aster\u00a0\u00bb title_text=\u00a0\u00bbAster_Foundation_Logo\u00a0\u00bb _builder_version=\u00a0\u00bb4.27.4&Prime; _module_preset=\u00a0\u00bbdefault\u00a0\u00bb global_colors_info=\u00a0\u00bb{}\u00a0\u00bb][\/et_pb_image][\/et_pb_column][et_pb_column type=\u00a0\u00bb2_3&Prime; _builder_version=\u00a0\u00bb4.27.4&Prime; _module_preset=\u00a0\u00bbdefault\u00a0\u00bb global_colors_info=\u00a0\u00bb{}\u00a0\u00bb][et_pb_text _builder_version=\u00a0\u00bb4.27.4&Prime; _module_preset=\u00a0\u00bbdefault\u00a0\u00bb global_colors_info=\u00a0\u00bb{}\u00a0\u00bb]<\/p>\n<h2>Fonds en fiducie pour la viabilit\u00e9<\/h2>\n<h2>Pour les organismes \u00e0 but non lucratif<\/h2>\n<p>La <a href=\"https:\/\/fondationaster.ca\/\" target=\"_blank\" rel=\"noopener\">Fondation Aster<\/a> a \u00e9t\u00e9 incorpor\u00e9e comme fondation de bienfaisance.<\/p>\n<p>Nous nous sommes engag\u00e9s \u00e0 faire cro\u00eetre cette fondation au cours des prochaines ann\u00e9es. Elle permettra aux groupes environnementaux sans but lucratif d\u2019avoir acc\u00e8s \u00e0 un financement ind\u00e9pendant des priorit\u00e9s gouvernementales. Ce fonds sera soutenu par les profits des services de consultation, et par des collectes de fonds aupr\u00e8s de sources qui ne sont pas actuellement accessibles \u00e0 la plupart des ONGE provinciales. De plus, les membres du Groupe Aster peuvent investir dans ce fonds en fiducie.<\/p>\n<p>Les objectifs de la Fondation Aster sont :<\/p>\n<p><strong><span style=\"color: #622d91;\">1<\/span><\/strong> Recevoir et maintenir un ou des fonds et en affecter la totalit\u00e9 ou une partie du capital et des revenus, de temps \u00e0 autre, \u00e0 des travaux environnementaux \u00e0 des donataires reconnus, tels que d\u00e9finis au paragraphe 149.1(1) de la Loi de l\u2019imp\u00f4t sur le revenu (Canada).<\/p>\n<p><strong><span style=\"color: #622d91;\">2<\/span><\/strong> Prot\u00e9ger l\u2019environnement pour le b\u00e9n\u00e9fice du public en mettant en \u0153uvre des projets et des programmes pratiques qui att\u00e9nuent et r\u00e9duisent les effets des changements climatiques, r\u00e9duisent la pollution de l\u2019environnement et augmentent la protection des \u00e9cosyst\u00e8mes.<\/p>\n<p><strong><span style=\"color: #622d91;\">3<\/span><\/strong> Faire progresser l\u2019\u00e9ducation en organisant des ateliers, des conf\u00e9rences, des pr\u00e9sentations et d\u2019autres programmes publics sur la pollution de l\u2019environnement, le changement climatique et la conservation des \u00e9cosyst\u00e8mes.<\/p>\n<p>[\/et_pb_text][\/et_pb_column][\/et_pb_row][\/et_pb_section]<\/p>\n","protected":false},"excerpt":{"rendered":"<p>Fonds en fiducie pour la viabilit\u00e9 Pour les organismes \u00e0 but non lucratif La Fondation Aster a \u00e9t\u00e9 incorpor\u00e9e comme fondation de bienfaisance. Nous nous sommes engag\u00e9s \u00e0 faire cro\u00eetre cette fondation au cours des prochaines ann\u00e9es. Elle permettra aux groupes environnementaux sans but lucratif d\u2019avoir acc\u00e8s \u00e0 un financement ind\u00e9pendant des priorit\u00e9s gouvernementales. Ce [&hellip;]<\/p>\n","protected":false},"author":1,"featured_media":0,"parent":1035,"menu_order":0,"comment_status":"closed","ping_status":"closed","template":"","meta":{"_et_pb_use_builder":"on","_et_pb_old_content":"","_et_gb_content_width":"","footnotes":""},"class_list":["post-1038","page","type-page","status-publish","hentry"],"_links":{"self":[{"href":"https:\/\/astergroup.ca\/fr\/wp-json\/wp\/v2\/pages\/1038","targetHints":{"allow":["GET"]}}],"collection":[{"href":"https:\/\/astergroup.ca\/fr\/wp-json\/wp\/v2\/pages"}],"about":[{"href":"https:\/\/astergroup.ca\/fr\/wp-json\/wp\/v2\/types\/page"}],"author":[{"embeddable":true,"href":"https:\/\/astergroup.ca\/fr\/wp-json\/wp\/v2\/users\/1"}],"replies":[{"embeddable":true,"href":"https:\/\/astergroup.ca\/fr\/wp-json\/wp\/v2\/comments?post=1038"}],"version-history":[{"count":9,"href":"https:\/\/astergroup.ca\/fr\/wp-json\/wp\/v2\/pages\/1038\/revisions"}],"predecessor-version":[{"id":1464,"href":"https:\/\/astergroup.ca\/fr\/wp-json\/wp\/v2\/pages\/1038\/revisions\/1464"}],"up":[{"embeddable":true,"href":"https:\/\/astergroup.ca\/fr\/wp-json\/wp\/v2\/pages\/1035"}],"wp:attachment":[{"href":"https:\/\/astergroup.ca\/fr\/wp-json\/wp\/v2\/media?parent=1038"}],"curies":[{"name":"wp","href":"https:\/\/api.w.org\/{rel}","templated":true}]}}