{"id":842,"date":"2014-03-07T21:02:40","date_gmt":"2014-03-08T01:02:40","guid":{"rendered":"https:\/\/astergroup.ca\/?page_id=842"},"modified":"2025-02-20T12:17:24","modified_gmt":"2025-02-20T16:17:24","slug":"a-propos","status":"publish","type":"page","link":"https:\/\/astergroup.ca\/fr\/a-propos\/","title":{"rendered":"\u00c0 propos"},"content":{"rendered":"<p>[et_pb_section fb_built=\u00a0\u00bb1&Prime; _builder_version=\u00a0\u00bb4.16&Prime; global_colors_info=\u00a0\u00bb{}\u00a0\u00bb][et_pb_row _builder_version=\u00a0\u00bb4.27.4&Prime; background_size=\u00a0\u00bbinitial\u00a0\u00bb background_position=\u00a0\u00bbtop_left\u00a0\u00bb background_repeat=\u00a0\u00bbrepeat\u00a0\u00bb hover_enabled=\u00a0\u00bb0&Prime; global_colors_info=\u00a0\u00bb{}\u00a0\u00bb column_structure=\u00a0\u00bb1_2,1_4,1_4&Prime; sticky_enabled=\u00a0\u00bb0&Prime;][et_pb_column type=\u00a0\u00bb1_2&Prime; _builder_version=\u00a0\u00bb4.16&Prime; custom_padding=\u00a0\u00bb|||\u00a0\u00bb global_colors_info=\u00a0\u00bb{}\u00a0\u00bb custom_padding__hover=\u00a0\u00bb|||\u00a0\u00bb][et_pb_text _builder_version=\u00a0\u00bb4.27.4&Prime; background_size=\u00a0\u00bbinitial\u00a0\u00bb background_position=\u00a0\u00bbtop_left\u00a0\u00bb background_repeat=\u00a0\u00bbrepeat\u00a0\u00bb global_colors_info=\u00a0\u00bb{}\u00a0\u00bb]<\/p>\n<h2>\u00c0 propos<\/h2>\n<p>Le Groupe Aster est une coop\u00e9rative de travailleurs qui offre des services de consultation environnementale \u00e0 des prix comp\u00e9titifs. Notre gamme compr\u00e9hensive de services aide les clients dans les domaines publics et priv\u00e9s \u00e0 travailler vers la durabilit\u00e9 environnementale, sociale et \u00e9conomique et de se pr\u00e9parer pour les changements climatiques.<\/p>\n<p>Les membres du Groupe Aster ont de l\u2019exp\u00e9rience consid\u00e9rable en travaillant avec tous les niveaux du gouvernement et les ONG. Notre expertise peut vous aider \u00e0 cr\u00e9er une relation positive avec l\u2019environnement et \u00e0 atteindre vos buts en mati\u00e8re de durabilit\u00e9. Contactez-nous aujourd\u2019hui.<\/p>\n<p>Nos membres travailleurs ont \u00e9tabli un fonds de fiducie avec les profits de nos services de consultation. Ce fonds donnera aux groupes \u00e0 but non lucratif au Nouveau-Brunswick acc\u00e8s \u00e0 des sources de financement alternatives pour leurs initiatives environnementales. La Fondation Aster est une fondation de bienfaisance, et de l&rsquo;information se trouve ici: <strong><a href=\"https:\/\/fondationaster.ca\/\" target=\"_blank\" rel=\"noopener\">Fondation Aster<\/a><\/strong><\/p>\n<p>[\/et_pb_text][\/et_pb_column][et_pb_column type=\u00a0\u00bb1_4&Prime; _builder_version=\u00a0\u00bb4.27.4&Prime; custom_padding=\u00a0\u00bb||||false|false\u00a0\u00bb hover_enabled=\u00a0\u00bb0&Prime; global_colors_info=\u00a0\u00bb{}\u00a0\u00bb custom_padding__hover=\u00a0\u00bb|||\u00a0\u00bb sticky_enabled=\u00a0\u00bb0&Prime;][et_pb_image src=\u00a0\u00bbhttps:\/\/astergroup.ca\/wp-content\/uploads\/2014\/03\/IMG_2154.jpg\u00a0\u00bb _builder_version=\u00a0\u00bb4.27.4&Prime; _module_preset=\u00a0\u00bbdefault\u00a0\u00bb title_text=\u00a0\u00bbIMG_2154&Prime; hover_enabled=\u00a0\u00bb0&Prime; sticky_enabled=\u00a0\u00bb0&Prime; custom_padding=\u00a0\u00bb||||false|false\u00a0\u00bb custom_margin=\u00a0\u00bb||||false|false\u00a0\u00bb width=\u00a0\u00bb250px\u00a0\u00bb width_last_edited=\u00a0\u00bbon|phone\u00a0\u00bb width_tablet=\u00a0\u00bb250px\u00a0\u00bb width_phone=\u00a0\u00bb250px\u00a0\u00bb][\/et_pb_image][\/et_pb_column][et_pb_column type=\u00a0\u00bb1_4&Prime; _builder_version=\u00a0\u00bb4.16&Prime; custom_padding=\u00a0\u00bb|||\u00a0\u00bb global_colors_info=\u00a0\u00bb{}\u00a0\u00bb custom_padding__hover=\u00a0\u00bb|||\u00a0\u00bb][et_pb_image src=\u00a0\u00bbhttps:\/\/astergroup.ca\/wp-content\/uploads\/2014\/03\/Peeps.jpg\u00a0\u00bb _builder_version=\u00a0\u00bb4.27.4&Prime; _module_preset=\u00a0\u00bbdefault\u00a0\u00bb title_text=\u00a0\u00bbPeeps\u00a0\u00bb hover_enabled=\u00a0\u00bb0&Prime; sticky_enabled=\u00a0\u00bb0&Prime; width=\u00a0\u00bb250px\u00a0\u00bb][\/et_pb_image][\/et_pb_column][\/et_pb_row][\/et_pb_section]<\/p>\n","protected":false},"excerpt":{"rendered":"<p>\u00c0 propos Le Groupe Aster est une coop\u00e9rative de travailleurs qui offre des services de consultation environnementale \u00e0 des prix comp\u00e9titifs. Notre gamme compr\u00e9hensive de services aide les clients dans les domaines publics et priv\u00e9s \u00e0 travailler vers la durabilit\u00e9 environnementale, sociale et \u00e9conomique et de se pr\u00e9parer pour les changements climatiques. Les membres du [&hellip;]<\/p>\n","protected":false},"author":1,"featured_media":0,"parent":0,"menu_order":0,"comment_status":"closed","ping_status":"closed","template":"","meta":{"_et_pb_use_builder":"on","_et_pb_old_content":"","_et_gb_content_width":"","footnotes":""},"class_list":["post-842","page","type-page","status-publish","hentry"],"_links":{"self":[{"href":"https:\/\/astergroup.ca\/fr\/wp-json\/wp\/v2\/pages\/842","targetHints":{"allow":["GET"]}}],"collection":[{"href":"https:\/\/astergroup.ca\/fr\/wp-json\/wp\/v2\/pages"}],"about":[{"href":"https:\/\/astergroup.ca\/fr\/wp-json\/wp\/v2\/types\/page"}],"author":[{"embeddable":true,"href":"https:\/\/astergroup.ca\/fr\/wp-json\/wp\/v2\/users\/1"}],"replies":[{"embeddable":true,"href":"https:\/\/astergroup.ca\/fr\/wp-json\/wp\/v2\/comments?post=842"}],"version-history":[{"count":3,"href":"https:\/\/astergroup.ca\/fr\/wp-json\/wp\/v2\/pages\/842\/revisions"}],"predecessor-version":[{"id":1104,"href":"https:\/\/astergroup.ca\/fr\/wp-json\/wp\/v2\/pages\/842\/revisions\/1104"}],"wp:attachment":[{"href":"https:\/\/astergroup.ca\/fr\/wp-json\/wp\/v2\/media?parent=842"}],"curies":[{"name":"wp","href":"https:\/\/api.w.org\/{rel}","templated":true}]}}