{"id":867,"date":"2025-02-19T18:12:28","date_gmt":"2025-02-19T22:12:28","guid":{"rendered":"https:\/\/astergroup.ca\/accueil\/a-propos\/valeurs\/"},"modified":"2026-03-05T10:54:15","modified_gmt":"2026-03-05T14:54:15","slug":"valeurs","status":"publish","type":"page","link":"https:\/\/astergroup.ca\/fr\/a-propos\/valeurs\/","title":{"rendered":"Valeurs"},"content":{"rendered":"<p>[et_pb_section fb_built=\u00a0\u00bb1&Prime; _builder_version=\u00a0\u00bb4.27.4&Prime; _module_preset=\u00a0\u00bbdefault\u00a0\u00bb collapsed=\u00a0\u00bbon\u00a0\u00bb global_colors_info=\u00a0\u00bb{}\u00a0\u00bb][et_pb_row _builder_version=\u00a0\u00bb4.27.4&Prime; _module_preset=\u00a0\u00bbdefault\u00a0\u00bb global_colors_info=\u00a0\u00bb{}\u00a0\u00bb][et_pb_column type=\u00a0\u00bb4_4&Prime; _builder_version=\u00a0\u00bb4.27.4&Prime; _module_preset=\u00a0\u00bbdefault\u00a0\u00bb global_colors_info=\u00a0\u00bb{}\u00a0\u00bb][et_pb_text _builder_version=\u00a0\u00bb4.27.4&Prime; _module_preset=\u00a0\u00bbdefault\u00a0\u00bb global_colors_info=\u00a0\u00bb{}\u00a0\u00bb]<\/p>\n<h2>Valeurs<\/h2>\n<p>La coop\u00e9rative Aster est un groupe de professionnels d\u00e9vou\u00e9s \u00e0 la durabilit\u00e9 environnementale et la responsabilit\u00e9 sociale. Notre groupe est d\u00e9tenu, g\u00e9r\u00e9 et dirig\u00e9 par ses membres. Nous croyons en les valeurs coop\u00e9ratives suivantes :<\/p>\n<p>\u2022 Adh\u00e9sion ouverte et volontaire,<br \/>\u2022 Contr\u00f4le d\u00e9mocratique par les membres,<br \/>\u2022 Participation \u00e9conomique des membres,<br \/>\u2022 Autonomie et ind\u00e9pendance,<br \/>\u2022 \u00c9ducation, entra\u00eenement et information,<br \/>\u2022 Coop\u00e9ration parmi les coop\u00e9ratives,<br \/>\u2022 Pr\u00e9occupation sur la communaut\u00e9.<\/p>\n<p>[\/et_pb_text][et_pb_divider color=\u00a0\u00bb#598035&Prime; _builder_version=\u00a0\u00bb4.27.4&Prime; _module_preset=\u00a0\u00bbdefault\u00a0\u00bb custom_margin=\u00a0\u00bb||12px||false|false\u00a0\u00bb global_colors_info=\u00a0\u00bb{}\u00a0\u00bb][\/et_pb_divider][et_pb_text _builder_version=\u00a0\u00bb4.27.4&Prime; _module_preset=\u00a0\u00bbdefault\u00a0\u00bb custom_padding=\u00a0\u00bb||0px|||\u00a0\u00bb global_colors_info=\u00a0\u00bb{}\u00a0\u00bb]<\/p>\n<p><strong><span style=\"color: #622d91;\">\u00a01<\/span><\/strong> Par l\u2019interm\u00e9diaire de nos membres travailleurs, nous offrons des services de consultation en mati\u00e8re d\u2019adaptation aux changements climatiques, de planification de la durabilit\u00e9 pour les collectivit\u00e9s, de planification du tourisme et du transport durables, de gestion de l\u2019\u00e9nergie pour les entreprises et les collectivit\u00e9s, de planification strat\u00e9gique et de facilitation, d\u2019\u00e9ducation environnementale, d\u2019inventaires biologiques, de recherche quantitative, de planification d\u2019\u00e9v\u00e9nements verts (etc.) \u00e0 des clients multisectoriels du Nouveau-Brunswick.<\/p>\n<p>2 Nous offrons un soutien limit\u00e9 \u00e0 la comptabilit\u00e9, nous avons un traducteur comme membre.<\/p>\n<p><strong><span style=\"color: #622d91;\">3 <\/span><\/strong>Nous d\u00e9velopperons et mettrons en \u0153uvre des programmes de formation, de mentorat et de renforcement des capacit\u00e9s pour ses membres travailleurs, en particulier les jeunes qui entrent sur le march\u00e9 du travail.<\/p>\n<p><strong><span style=\"color: #622d91;\">5<\/span><\/strong> La <a href=\"https:\/\/fondationaster.ca\/\" target=\"_blank\" rel=\"noopener\">Fondation Aster<\/a> est maintenant en place, veuillez visiter l&rsquo;onglet Foundation aster en haut.<\/p>\n<p>[\/et_pb_text][et_pb_divider color=\u00a0\u00bb#598035&Prime; _builder_version=\u00a0\u00bb4.27.4&Prime; _module_preset=\u00a0\u00bbdefault\u00a0\u00bb custom_margin=\u00a0\u00bb||12px||false|false\u00a0\u00bb global_colors_info=\u00a0\u00bb{}\u00a0\u00bb][\/et_pb_divider][et_pb_text _builder_version=\u00a0\u00bb4.27.4&Prime; _module_preset=\u00a0\u00bbdefault\u00a0\u00bb global_colors_info=\u00a0\u00bb{}\u00a0\u00bb][\/et_pb_text][\/et_pb_column][\/et_pb_row][\/et_pb_section]<\/p>\n","protected":false},"excerpt":{"rendered":"<p>Valeurs La coop\u00e9rative Aster est un groupe de professionnels d\u00e9vou\u00e9s \u00e0 la durabilit\u00e9 environnementale et la responsabilit\u00e9 sociale. Notre groupe est d\u00e9tenu, g\u00e9r\u00e9 et dirig\u00e9 par ses membres. Nous croyons en les valeurs coop\u00e9ratives suivantes : \u2022 Adh\u00e9sion ouverte et volontaire,\u2022 Contr\u00f4le d\u00e9mocratique par les membres,\u2022 Participation \u00e9conomique des membres,\u2022 Autonomie et ind\u00e9pendance,\u2022 \u00c9ducation, entra\u00eenement [&hellip;]<\/p>\n","protected":false},"author":1,"featured_media":0,"parent":842,"menu_order":0,"comment_status":"closed","ping_status":"closed","template":"","meta":{"_et_pb_use_builder":"on","_et_pb_old_content":"","_et_gb_content_width":"","footnotes":""},"class_list":["post-867","page","type-page","status-publish","hentry"],"_links":{"self":[{"href":"https:\/\/astergroup.ca\/fr\/wp-json\/wp\/v2\/pages\/867","targetHints":{"allow":["GET"]}}],"collection":[{"href":"https:\/\/astergroup.ca\/fr\/wp-json\/wp\/v2\/pages"}],"about":[{"href":"https:\/\/astergroup.ca\/fr\/wp-json\/wp\/v2\/types\/page"}],"author":[{"embeddable":true,"href":"https:\/\/astergroup.ca\/fr\/wp-json\/wp\/v2\/users\/1"}],"replies":[{"embeddable":true,"href":"https:\/\/astergroup.ca\/fr\/wp-json\/wp\/v2\/comments?post=867"}],"version-history":[{"count":45,"href":"https:\/\/astergroup.ca\/fr\/wp-json\/wp\/v2\/pages\/867\/revisions"}],"predecessor-version":[{"id":1460,"href":"https:\/\/astergroup.ca\/fr\/wp-json\/wp\/v2\/pages\/867\/revisions\/1460"}],"up":[{"embeddable":true,"href":"https:\/\/astergroup.ca\/fr\/wp-json\/wp\/v2\/pages\/842"}],"wp:attachment":[{"href":"https:\/\/astergroup.ca\/fr\/wp-json\/wp\/v2\/media?parent=867"}],"curies":[{"name":"wp","href":"https:\/\/api.w.org\/{rel}","templated":true}]}}