{"id":929,"date":"2025-02-19T19:13:27","date_gmt":"2025-02-19T23:13:27","guid":{"rendered":"https:\/\/astergroup.ca\/accueil\/a-propos\/adhesion\/"},"modified":"2025-03-06T13:00:16","modified_gmt":"2025-03-06T17:00:16","slug":"adhesion","status":"publish","type":"page","link":"https:\/\/astergroup.ca\/fr\/a-propos\/adhesion\/","title":{"rendered":"Adh\u00e9sion"},"content":{"rendered":"<p>[et_pb_section fb_built=\u00a0\u00bb1&Prime; _builder_version=\u00a0\u00bb4.27.4&Prime; _module_preset=\u00a0\u00bbdefault\u00a0\u00bb hover_enabled=\u00a0\u00bb0&Prime; collapsed=\u00a0\u00bbon\u00a0\u00bb global_colors_info=\u00a0\u00bb{}\u00a0\u00bb sticky_enabled=\u00a0\u00bb0&Prime;][et_pb_row _builder_version=\u00a0\u00bb4.27.4&Prime; _module_preset=\u00a0\u00bbdefault\u00a0\u00bb global_colors_info=\u00a0\u00bb{}\u00a0\u00bb][et_pb_column type=\u00a0\u00bb4_4&Prime; _builder_version=\u00a0\u00bb4.27.4&Prime; _module_preset=\u00a0\u00bbdefault\u00a0\u00bb global_colors_info=\u00a0\u00bb{}\u00a0\u00bb][et_pb_text _builder_version=\u00a0\u00bb4.27.4&Prime; _module_preset=\u00a0\u00bbdefault\u00a0\u00bb global_colors_info=\u00a0\u00bb{}\u00a0\u00bb]<\/p>\n<h2>Adh\u00e9sion<\/h2>\n<p>L\u2019adh\u00e9sion est possible pour tout individu qui veut contribuer \u00e0 cette initiative tout en encourageant notre mandat et nos valeurs. L&rsquo;adh\u00e9sion se fait par actions, et nous avons trois types d&rsquo;adh\u00e9sion :<\/p>\n<p><strong>Membre travailleur<br \/><\/strong>Un membre travailleur est un individu qui est qualifi\u00e9 selon son \u00e9ducation ou son exp\u00e9rience pour fournir des services dans le domaine environnemental ou de la planification durable. Ce membre peut \u00e9galement offrir des services compl\u00e9mentaires du travail du Groupe Aster. Le membre travailleur fera partie du groupe lorsqu\u2019il ou elle aura termin\u00e9 une p\u00e9riode d\u2019essaie, payer ces cotisations et accepter de soutenir le mandate et les valeurs du groupe Aster. Le nombre d\u2019actions minimums pour un membre travailleur est de 5 (1 action = 100 $).<\/p>\n<p><strong>Membres sans but lucratif<br \/><\/strong>Les organismes sans but lucratif qui soutient le mandat et les valeurs du Groupe Aster peuvent devenir membre. Le minimum de contribution est d\u2019une action. (1 action = 100 $ et le nombre d\u2019actions requis sont d\u00e9termin\u00e9s selon le budget de l\u2019organisation.)<\/p>\n<p><strong>Membres associ\u00e9s<br \/><\/strong>Les membres associ\u00e9s sont des individus qui veulent soutenir les politiques, les valeurs et le mandat du Groupe Aster. Les membres associ\u00e9s auront acc\u00e8s \u00e0 du travail sous le Groupe Aster, peuvent encourager la coop\u00e9rative financi\u00e8rement par l\u2019achat d\u2019actions ou sont des individus qui veulent \u00e9ventuellement devenir des membres travailleurs. Le nombre minimum d\u2019actions pour un membre associ\u00e9 est une action et le maximum est de mille actions (1 action = 100 $).<a href=\"https:\/\/astergroup.ca\/wp-content\/uploads\/2014\/03\/Membership-Form.pdf\" target=\"_blank\" rel=\"noopener\"><\/a><\/p>\n<p>[\/et_pb_text][et_pb_button button_url=\u00a0\u00bbhttps:\/\/astergroup.ca\/wp-content\/uploads\/2014\/03\/Form-formulaire-2014.pdf\u00a0\u00bb url_new_window=\u00a0\u00bbon\u00a0\u00bb button_text=\u00a0\u00bbDEMANDE D\u2019ADH\u00c9SION\u00a0\u00bb _builder_version=\u00a0\u00bb4.27.4&Prime; _module_preset=\u00a0\u00bbdefault\u00a0\u00bb global_colors_info=\u00a0\u00bb{}\u00a0\u00bb][\/et_pb_button][et_pb_text _builder_version=\u00a0\u00bb4.27.4&Prime; _module_preset=\u00a0\u00bbdefault\u00a0\u00bb global_colors_info=\u00a0\u00bb{}\u00a0\u00bb]<\/p>\n<p>Envoyer votre formulaire avec le paiement des actions \u00e0 :<\/p>\n<p>Groupe Aster<br \/>28 High Marsh Rd, Sackville, NB E4L 1K2<br \/>ou par courriel : <a href=\"mailto:info@astergroup.ca\" target=\"_blank\" rel=\"noopener\">info@astergroup.ca<\/a><\/p>\n<p>[\/et_pb_text][\/et_pb_column][\/et_pb_row][\/et_pb_section]<\/p>\n","protected":false},"excerpt":{"rendered":"<p>Adh\u00e9sion L\u2019adh\u00e9sion est possible pour tout individu qui veut contribuer \u00e0 cette initiative tout en encourageant notre mandat et nos valeurs. L&rsquo;adh\u00e9sion se fait par actions, et nous avons trois types d&rsquo;adh\u00e9sion : Membre travailleurUn membre travailleur est un individu qui est qualifi\u00e9 selon son \u00e9ducation ou son exp\u00e9rience pour fournir des services dans le [&hellip;]<\/p>\n","protected":false},"author":1,"featured_media":0,"parent":842,"menu_order":2,"comment_status":"closed","ping_status":"closed","template":"","meta":{"_et_pb_use_builder":"on","_et_pb_old_content":"","_et_gb_content_width":"","footnotes":""},"class_list":["post-929","page","type-page","status-publish","hentry"],"_links":{"self":[{"href":"https:\/\/astergroup.ca\/fr\/wp-json\/wp\/v2\/pages\/929","targetHints":{"allow":["GET"]}}],"collection":[{"href":"https:\/\/astergroup.ca\/fr\/wp-json\/wp\/v2\/pages"}],"about":[{"href":"https:\/\/astergroup.ca\/fr\/wp-json\/wp\/v2\/types\/page"}],"author":[{"embeddable":true,"href":"https:\/\/astergroup.ca\/fr\/wp-json\/wp\/v2\/users\/1"}],"replies":[{"embeddable":true,"href":"https:\/\/astergroup.ca\/fr\/wp-json\/wp\/v2\/comments?post=929"}],"version-history":[{"count":18,"href":"https:\/\/astergroup.ca\/fr\/wp-json\/wp\/v2\/pages\/929\/revisions"}],"predecessor-version":[{"id":1128,"href":"https:\/\/astergroup.ca\/fr\/wp-json\/wp\/v2\/pages\/929\/revisions\/1128"}],"up":[{"embeddable":true,"href":"https:\/\/astergroup.ca\/fr\/wp-json\/wp\/v2\/pages\/842"}],"wp:attachment":[{"href":"https:\/\/astergroup.ca\/fr\/wp-json\/wp\/v2\/media?parent=929"}],"curies":[{"name":"wp","href":"https:\/\/api.w.org\/{rel}","templated":true}]}}