{"id":941,"date":"2025-02-19T20:31:46","date_gmt":"2025-02-20T00:31:46","guid":{"rendered":"https:\/\/astergroup.ca\/accueil\/a-propos\/comment-vous-impliquer\/"},"modified":"2025-03-14T10:48:15","modified_gmt":"2025-03-14T13:48:15","slug":"comment-vous-impliquer","status":"publish","type":"page","link":"https:\/\/astergroup.ca\/fr\/a-propos\/comment-vous-impliquer\/","title":{"rendered":"Comment vous impliquer"},"content":{"rendered":"<p>[et_pb_section fb_built=\u00a0\u00bb1&Prime; _builder_version=\u00a0\u00bb4.27.4&Prime; _module_preset=\u00a0\u00bbdefault\u00a0\u00bb global_colors_info=\u00a0\u00bb{}\u00a0\u00bb][et_pb_row _builder_version=\u00a0\u00bb4.27.4&Prime; _module_preset=\u00a0\u00bbdefault\u00a0\u00bb global_colors_info=\u00a0\u00bb{}\u00a0\u00bb][et_pb_column type=\u00a0\u00bb4_4&Prime; _builder_version=\u00a0\u00bb4.27.4&Prime; _module_preset=\u00a0\u00bbdefault\u00a0\u00bb global_colors_info=\u00a0\u00bb{}\u00a0\u00bb][et_pb_text _builder_version=\u00a0\u00bb4.27.4&Prime; _module_preset=\u00a0\u00bbdefault\u00a0\u00bb hover_enabled=\u00a0\u00bb0&Prime; global_colors_info=\u00a0\u00bb{}\u00a0\u00bb sticky_enabled=\u00a0\u00bb0&Prime;]<\/p>\n<h2>Comment vous impliquer<\/h2>\n<p><strong>Il y a plusieurs fa\u00e7ons de participer dans cette initiative :<\/strong><\/p>\n<p>\u2022 Devenir un membre travailleur<br \/>\n\u2022 Devenir un membre associ\u00e9<br \/>\n\u2022 Devenir un membre OSBL<\/p>\n<p>Les membres du Groupe Aster travaillent pour ces cinq objectifs de la coop\u00e9rative:<\/p>\n<p><strong><span style=\"color: #622d91;\">1<\/span><\/strong> Fournir du travail pour ces membres dans le domaine de travail environnemental et de d\u00e9veloppement durable.<\/p>\n<p><strong><span style=\"color: #622d91;\">2<\/span><\/strong> La conception d\u2019un plan de b\u00e9n\u00e9fice m\u00e9dical abordable pour des organismes sans but lucratif.<\/p>\n<p><strong><span style=\"color: #622d91;\">3<\/span><\/strong> Offir des services de support pour les organismes sans but lucratif.<\/p>\n<p><strong><span style=\"color: #622d91;\">4<\/span><\/strong> Offrir des occasions de mentorat et d\u2019apprentissage pour ces membres, sp\u00e9cialement des jeunes qui entrent dans le milieu du travail.<\/p>\n<p><strong><span style=\"color: #622d91;\">5<\/span><\/strong> Le l\u2019\u00e9laboration d\u2019un fonds en fiducie accessible aux organismes sans but lucratif environnemental au Nouveau-Brunswick. <strong>Complet\u00e9 en 2021<\/strong>: <a href=\"https:\/\/fondationaster.ca\/\" target=\"_blank\" rel=\"noopener\">Fondation Aster<\/a>.<\/p>\n<p>&nbsp;[\/et_pb_text][\/et_pb_column][\/et_pb_row][\/et_pb_section]<\/p>\n","protected":false},"excerpt":{"rendered":"<p>Comment vous impliquer Il y a plusieurs fa\u00e7ons de participer dans cette initiative : \u2022 Devenir un membre travailleur \u2022 Devenir un membre associ\u00e9 \u2022 Devenir un membre OSBL Les membres du Groupe Aster travaillent pour ces cinq objectifs de la coop\u00e9rative: 1 Fournir du travail pour ces membres dans le domaine de travail environnemental [&hellip;]<\/p>\n","protected":false},"author":1,"featured_media":0,"parent":842,"menu_order":3,"comment_status":"closed","ping_status":"closed","template":"","meta":{"_et_pb_use_builder":"on","_et_pb_old_content":"","_et_gb_content_width":"","footnotes":""},"class_list":["post-941","page","type-page","status-publish","hentry"],"_links":{"self":[{"href":"https:\/\/astergroup.ca\/fr\/wp-json\/wp\/v2\/pages\/941","targetHints":{"allow":["GET"]}}],"collection":[{"href":"https:\/\/astergroup.ca\/fr\/wp-json\/wp\/v2\/pages"}],"about":[{"href":"https:\/\/astergroup.ca\/fr\/wp-json\/wp\/v2\/types\/page"}],"author":[{"embeddable":true,"href":"https:\/\/astergroup.ca\/fr\/wp-json\/wp\/v2\/users\/1"}],"replies":[{"embeddable":true,"href":"https:\/\/astergroup.ca\/fr\/wp-json\/wp\/v2\/comments?post=941"}],"version-history":[{"count":11,"href":"https:\/\/astergroup.ca\/fr\/wp-json\/wp\/v2\/pages\/941\/revisions"}],"predecessor-version":[{"id":1273,"href":"https:\/\/astergroup.ca\/fr\/wp-json\/wp\/v2\/pages\/941\/revisions\/1273"}],"up":[{"embeddable":true,"href":"https:\/\/astergroup.ca\/fr\/wp-json\/wp\/v2\/pages\/842"}],"wp:attachment":[{"href":"https:\/\/astergroup.ca\/fr\/wp-json\/wp\/v2\/media?parent=941"}],"curies":[{"name":"wp","href":"https:\/\/api.w.org\/{rel}","templated":true}]}}