{"id":958,"date":"2025-02-19T20:59:02","date_gmt":"2025-02-20T00:59:02","guid":{"rendered":"https:\/\/astergroup.ca\/accueil\/nos-services\/"},"modified":"2026-03-05T10:35:27","modified_gmt":"2026-03-05T14:35:27","slug":"nos-services","status":"publish","type":"page","link":"https:\/\/astergroup.ca\/fr\/nos-services\/","title":{"rendered":"Nos Services"},"content":{"rendered":"<p>[et_pb_section fb_built=\u00a0\u00bb1&Prime; admin_label=\u00a0\u00bbSection\u00a0\u00bb _builder_version=\u00a0\u00bb4.27.4&Prime; _module_preset=\u00a0\u00bbdefault\u00a0\u00bb global_colors_info=\u00a0\u00bb{}\u00a0\u00bb custom_padding=\u00a0\u00bb||151px|||\u00a0\u00bb][et_pb_row _builder_version=\u00a0\u00bb4.27.4&Prime; _module_preset=\u00a0\u00bbdefault\u00a0\u00bb global_colors_info=\u00a0\u00bb{}\u00a0\u00bb][et_pb_column type=\u00a0\u00bb4_4&Prime; _builder_version=\u00a0\u00bb4.27.4&Prime; _module_preset=\u00a0\u00bbdefault\u00a0\u00bb global_colors_info=\u00a0\u00bb{}\u00a0\u00bb][et_pb_accordion _builder_version=\u00a0\u00bb4.27.4&Prime; _module_preset=\u00a0\u00bbdefault\u00a0\u00bb min_height=\u00a0\u00bb104.7px\u00a0\u00bb custom_margin=\u00a0\u00bb||-160px|||\u00a0\u00bb global_colors_info=\u00a0\u00bb{}\u00a0\u00bb][et_pb_accordion_item title=\u00a0\u00bbNos Services\u00a0\u00bb _builder_version=\u00a0\u00bb4.27.4&Prime; _module_preset=\u00a0\u00bbdefault\u00a0\u00bb global_colors_info=\u00a0\u00bb{}\u00a0\u00bb open=\u00a0\u00bbon\u00a0\u00bb]<\/p>\n<p>Chez Aster Group, nous offrons une gamme compl\u00e8te de services adapt\u00e9s \u00e0 vos besoins. Que vous soyez une petite entreprise ou une grande organisation, notre \u00e9quipe est pr\u00eate \u00e0 vous aider avec vos projets viabilit\u00e9.\u00a0<\/p>\n<p><strong>1. Services \u00e9cologiques :<\/strong><\/p>\n<p>*Les \u00e9tudes professionnelles sur les oiseaux (pointes d&rsquo;\u00e9coute, observations, \u00e9tudes sur les oiseaux nicheurs, transects).*Surveillance des d&rsquo;oiseaux sur place,<\/p>\n<p>*Surveillance acoustique pour des petits sites (chauves-souris, oiseaux, grenouilles, mammif\u00e8res),<\/p>\n<p>*Strat\u00e9gies de conservation pour att\u00e9nuer les impacts des projets de d\u00e9veloppement.<\/p>\n<p>\u00a0<strong>2. \u00c9ducation relative \u00e0 l&rsquo;environnement :<\/strong><\/p>\n<p>*Les \u00e9tudes professionnelles sur les oiseaux (Pointes d&rsquo;\u00e9coute, observations, \u00e9tudes sur les oiseaux nicheurs, transects).<\/p>\n<p><span>*Surveillance des d&rsquo;oiseaux sur place,<\/span><\/p>\n<p><span>*Surveillance acoustique pour des petits sites (chauves-souris, oiseaux, grenouilles, mammif\u00e8res),<\/span><\/p>\n<p><span>*Strat\u00e9gies de conservation pour att\u00e9nuer les impacts des projets de d\u00e9veloppement,<\/span><\/p>\n<p><strong>2. \u00c9ducation relative \u00e0 l&rsquo;environnement :<\/strong><\/p>\n<p>*La mise en \u0153uvre de programmes en plein air,<\/p>\n<p><span>*Membre fondateur Les grand.es penseurs.euse.s de rencontrent dehors.<\/span><\/p>\n<p><span> ( <a href=\"https:\/\/nben.ca\/fr\/groupes-en-action\/les-grands-penseurs-se-rencontrent-dehors.html\">https:\/\/nben.ca\/fr\/groupes-en-action\/les-grands-penseurs-se-rencontrent-dehors.html<\/a>),<\/span><\/p>\n<p><span>*\u00c9laboration de plans le\u00e7ons pour les activit\u00e9s li\u00e9es \u00e0 la nature.<\/span><\/p>\n<p><strong>3. <span>Services de traduction et de r\u00e9vision :<\/span><\/strong><\/p>\n<p>Le groupe Aster offre des services de traduction et de r\u00e9vision professionnelle, principalement pour des groupes environnementaux. Notre expertise comprend des guides sur la nature, des rapports de r\u00e9union, des pr\u00e9sentations powerpoint, du contenu de site web, des communiqu\u00e9s de presse, des courriels et plus.<span class=\"Apple-converted-space\">\u00a0<\/span><\/p>\n<p>[\/et_pb_accordion_item][\/et_pb_accordion][\/et_pb_column][\/et_pb_row][\/et_pb_section]<\/p>\n","protected":false},"excerpt":{"rendered":"<p>Chez Aster Group, nous offrons une gamme compl\u00e8te de services adapt\u00e9s \u00e0 vos besoins. Que vous soyez une petite entreprise ou une grande organisation, notre \u00e9quipe est pr\u00eate \u00e0 vous aider avec vos projets viabilit\u00e9.\u00a0 1. Services \u00e9cologiques : *Les \u00e9tudes professionnelles sur les oiseaux (pointes d&rsquo;\u00e9coute, observations, \u00e9tudes sur les oiseaux nicheurs, transects).*Surveillance des [&hellip;]<\/p>\n","protected":false},"author":1,"featured_media":0,"parent":0,"menu_order":0,"comment_status":"closed","ping_status":"closed","template":"","meta":{"_et_pb_use_builder":"on","_et_pb_old_content":"","_et_gb_content_width":"","footnotes":""},"class_list":["post-958","page","type-page","status-publish","hentry"],"_links":{"self":[{"href":"https:\/\/astergroup.ca\/fr\/wp-json\/wp\/v2\/pages\/958","targetHints":{"allow":["GET"]}}],"collection":[{"href":"https:\/\/astergroup.ca\/fr\/wp-json\/wp\/v2\/pages"}],"about":[{"href":"https:\/\/astergroup.ca\/fr\/wp-json\/wp\/v2\/types\/page"}],"author":[{"embeddable":true,"href":"https:\/\/astergroup.ca\/fr\/wp-json\/wp\/v2\/users\/1"}],"replies":[{"embeddable":true,"href":"https:\/\/astergroup.ca\/fr\/wp-json\/wp\/v2\/comments?post=958"}],"version-history":[{"count":37,"href":"https:\/\/astergroup.ca\/fr\/wp-json\/wp\/v2\/pages\/958\/revisions"}],"predecessor-version":[{"id":1443,"href":"https:\/\/astergroup.ca\/fr\/wp-json\/wp\/v2\/pages\/958\/revisions\/1443"}],"wp:attachment":[{"href":"https:\/\/astergroup.ca\/fr\/wp-json\/wp\/v2\/media?parent=958"}],"curies":[{"name":"wp","href":"https:\/\/api.w.org\/{rel}","templated":true}]}}